{"id":3843,"date":"2021-11-26T09:53:57","date_gmt":"2021-11-26T09:53:57","guid":{"rendered":"https:\/\/themes.getmotopress.com\/coachzee-coach\/?page_id=7"},"modified":"2025-10-08T06:48:59","modified_gmt":"2025-10-08T06:48:59","slug":"home","status":"publish","type":"page","link":"https:\/\/cafebartiminn.is\/is\/","title":{"rendered":"Fors\u00ed\u00f0a"},"content":{"rendered":"","protected":false},"excerpt":{"rendered":"","protected":false},"author":1,"featured_media":0,"parent":0,"menu_order":0,"comment_status":"closed","ping_status":"closed","template":"","meta":{"_acf_changed":false,"inline_featured_image":false,"footnotes":""},"class_list":["post-3843","page","type-page","status-publish","hentry"],"acf":[],"yoast_head":"<!-- This site is optimized with the Yoast SEO plugin v26.3 - https:\/\/yoast.com\/wordpress\/plugins\/seo\/ -->\n<title>Timinn caffe bar<\/title>\n<meta name=\"description\" content=\"Welcome to your favorite place to enjoy premium coffee, cozy atmosphere for just leisure or business meetings, parties, events\" \/>\n<meta name=\"robots\" content=\"index, follow, max-snippet:-1, max-image-preview:large, max-video-preview:-1\" \/>\n<link rel=\"canonical\" href=\"https:\/\/cafebartiminn.is\/is\/\" \/>\n<meta property=\"og:locale\" content=\"is_IS\" \/>\n<meta property=\"og:type\" content=\"article\" \/>\n<meta property=\"og:title\" content=\"Timinn caffe bar\" \/>\n<meta property=\"og:description\" content=\"Welcome to your favorite place to enjoy premium coffee, cozy atmosphere for just leisure or business meetings, parties, events\" \/>\n<meta property=\"og:url\" content=\"https:\/\/cafebartiminn.is\/is\/\" \/>\n<meta property=\"og:site_name\" content=\"Timinn caffe bar\" \/>\n<meta property=\"article:modified_time\" content=\"2025-10-08T06:48:59+00:00\" \/>\n<meta name=\"twitter:card\" content=\"summary_large_image\" \/>\n<script type=\"application\/ld+json\" class=\"yoast-schema-graph\">{\"@context\":\"https:\/\/schema.org\",\"@graph\":[{\"@type\":\"WebPage\",\"@id\":\"https:\/\/cafebartiminn.is\/\",\"url\":\"https:\/\/cafebartiminn.is\/\",\"name\":\"Timinn caffe bar\",\"isPartOf\":{\"@id\":\"https:\/\/cafebartiminn.is\/#website\"},\"datePublished\":\"2021-11-26T09:53:57+00:00\",\"dateModified\":\"2025-10-08T06:48:59+00:00\",\"description\":\"Welcome to your favorite place to enjoy premium coffee, cozy atmosphere for just leisure or business meetings, parties, events\",\"breadcrumb\":{\"@id\":\"https:\/\/cafebartiminn.is\/#breadcrumb\"},\"inLanguage\":\"is\",\"potentialAction\":[{\"@type\":\"ReadAction\",\"target\":[\"https:\/\/cafebartiminn.is\/\"]}]},{\"@type\":\"BreadcrumbList\",\"@id\":\"https:\/\/cafebartiminn.is\/#breadcrumb\",\"itemListElement\":[{\"@type\":\"ListItem\",\"position\":1,\"name\":\"Home\",\"item\":\"https:\/\/cafebartiminn.is\/\"},{\"@type\":\"ListItem\",\"position\":2,\"name\":\"Home\"}]},{\"@type\":\"WebSite\",\"@id\":\"https:\/\/cafebartiminn.is\/#website\",\"url\":\"https:\/\/cafebartiminn.is\/\",\"name\":\"Timinn caffe bar\",\"description\":\"\",\"publisher\":{\"@id\":\"https:\/\/cafebartiminn.is\/#organization\"},\"potentialAction\":[{\"@type\":\"SearchAction\",\"target\":{\"@type\":\"EntryPoint\",\"urlTemplate\":\"https:\/\/cafebartiminn.is\/?s={search_term_string}\"},\"query-input\":{\"@type\":\"PropertyValueSpecification\",\"valueRequired\":true,\"valueName\":\"search_term_string\"}}],\"inLanguage\":\"is\"},{\"@type\":\"Organization\",\"@id\":\"https:\/\/cafebartiminn.is\/#organization\",\"name\":\"Timinn caffe bar\",\"url\":\"https:\/\/cafebartiminn.is\/\",\"logo\":{\"@type\":\"ImageObject\",\"inLanguage\":\"is\",\"@id\":\"https:\/\/cafebartiminn.is\/#\/schema\/logo\/image\/\",\"url\":\"https:\/\/cafebartiminn.is\/wp-content\/uploads\/2025\/04\/Untitled-designnn.png\",\"contentUrl\":\"https:\/\/cafebartiminn.is\/wp-content\/uploads\/2025\/04\/Untitled-designnn.png\",\"width\":746,\"height\":263,\"caption\":\"Timinn caffe bar\"},\"image\":{\"@id\":\"https:\/\/cafebartiminn.is\/#\/schema\/logo\/image\/\"}}]}<\/script>\n<!-- \/ Yoast SEO plugin. -->","yoast_head_json":{"title":"Timinn caffe bar","description":"Vi\u00f0 hj\u00e1 T\u00edmanum bj\u00f3\u00f0um upp \u00e1 \u00farvalskaffi og huggulega a\u00f0st\u00f6\u00f0u sem er tilvalin til a\u00f0 halda fundi, veislur og vi\u00f0bur\u00f0i e\u00f0a einfaldlega slaka \u00e1 \u00ed amstri dagsins.","robots":{"index":"index","follow":"follow","max-snippet":"max-snippet:-1","max-image-preview":"max-image-preview:large","max-video-preview":"max-video-preview:-1"},"canonical":"https:\/\/cafebartiminn.is\/is\/","og_locale":"is_IS","og_type":"article","og_title":"Timinn caffe bar","og_description":"Welcome to your favorite place to enjoy premium coffee, cozy atmosphere for just leisure or business meetings, parties, events","og_url":"https:\/\/cafebartiminn.is\/is\/","og_site_name":"Timinn caffe bar","article_modified_time":"2025-10-08T06:48:59+00:00","twitter_card":"summary_large_image","schema":{"@context":"https:\/\/schema.org","@graph":[{"@type":"WebPage","@id":"https:\/\/cafebartiminn.is\/","url":"https:\/\/cafebartiminn.is\/","name":"Timinn caffe bar","isPartOf":{"@id":"https:\/\/cafebartiminn.is\/#website"},"datePublished":"2021-11-26T09:53:57+00:00","dateModified":"2025-10-08T06:48:59+00:00","description":"Vi\u00f0 hj\u00e1 T\u00edmanum bj\u00f3\u00f0um upp \u00e1 \u00farvalskaffi og huggulega a\u00f0st\u00f6\u00f0u sem er tilvalin til a\u00f0 halda fundi, veislur og vi\u00f0bur\u00f0i e\u00f0a einfaldlega slaka \u00e1 \u00ed amstri dagsins.","breadcrumb":{"@id":"https:\/\/cafebartiminn.is\/#breadcrumb"},"inLanguage":"is","potentialAction":[{"@type":"ReadAction","target":["https:\/\/cafebartiminn.is\/"]}]},{"@type":"BreadcrumbList","@id":"https:\/\/cafebartiminn.is\/#breadcrumb","itemListElement":[{"@type":"ListItem","position":1,"name":"Home","item":"https:\/\/cafebartiminn.is\/"},{"@type":"ListItem","position":2,"name":"Home"}]},{"@type":"WebSite","@id":"https:\/\/cafebartiminn.is\/#website","url":"https:\/\/cafebartiminn.is\/","name":"Timinn caffe bar","description":"","publisher":{"@id":"https:\/\/cafebartiminn.is\/#organization"},"potentialAction":[{"@type":"SearchAction","target":{"@type":"EntryPoint","urlTemplate":"https:\/\/cafebartiminn.is\/?s={search_term_string}"},"query-input":{"@type":"PropertyValueSpecification","valueRequired":true,"valueName":"search_term_string"}}],"inLanguage":"is"},{"@type":"Organization","@id":"https:\/\/cafebartiminn.is\/#organization","name":"Timinn caffe bar","url":"https:\/\/cafebartiminn.is\/","logo":{"@type":"ImageObject","inLanguage":"is","@id":"https:\/\/cafebartiminn.is\/#\/schema\/logo\/image\/","url":"https:\/\/cafebartiminn.is\/wp-content\/uploads\/2025\/04\/Untitled-designnn.png","contentUrl":"https:\/\/cafebartiminn.is\/wp-content\/uploads\/2025\/04\/Untitled-designnn.png","width":746,"height":263,"caption":"Timinn caffe bar"},"image":{"@id":"https:\/\/cafebartiminn.is\/#\/schema\/logo\/image\/"}}]}},"_links":{"self":[{"href":"https:\/\/cafebartiminn.is\/is\/wp-json\/wp\/v2\/pages\/3843","targetHints":{"allow":["GET"]}}],"collection":[{"href":"https:\/\/cafebartiminn.is\/is\/wp-json\/wp\/v2\/pages"}],"about":[{"href":"https:\/\/cafebartiminn.is\/is\/wp-json\/wp\/v2\/types\/page"}],"author":[{"embeddable":true,"href":"https:\/\/cafebartiminn.is\/is\/wp-json\/wp\/v2\/users\/1"}],"replies":[{"embeddable":true,"href":"https:\/\/cafebartiminn.is\/is\/wp-json\/wp\/v2\/comments?post=3843"}],"version-history":[{"count":279,"href":"https:\/\/cafebartiminn.is\/is\/wp-json\/wp\/v2\/pages\/3843\/revisions"}],"predecessor-version":[{"id":4950,"href":"https:\/\/cafebartiminn.is\/is\/wp-json\/wp\/v2\/pages\/3843\/revisions\/4950"}],"wp:attachment":[{"href":"https:\/\/cafebartiminn.is\/is\/wp-json\/wp\/v2\/media?parent=3843"}],"curies":[{"name":"wp","href":"https:\/\/api.w.org\/{rel}","templated":true}]}}